{"id":2062,"date":"2019-04-02T12:36:13","date_gmt":"2019-04-02T10:36:13","guid":{"rendered":"https:\/\/kmbctnk.arnoldbodeschule.de\/?page_id=2062"},"modified":"2024-01-25T19:13:37","modified_gmt":"2024-01-25T18:13:37","slug":"arnold-bode-schule","status":"publish","type":"page","link":"https:\/\/smartredaktion.absks.de\/","title":{"rendered":"smartPAPER"},"content":{"rendered":"<div class=\"flex\">\n<div class=\"primary call2action padding margin_right\">\n<h3>smartPAPER HMKB<\/h3>\n<h1>Redaktionssystem<\/h1>\n<p><strong class=\"teaser_bold\">Dieses Projektvorhaben ist Teil des Landesprogramms \u201eDigitale Schule Hessen\u201c, initiiert vom Hessischen Ministerium f\u00fcr Kultus, Bildung und Chancen.<\/strong><\/p>\n<p style=\"text-align: left;\">Die Applikation smartPAPER ist ein digitales, intelligentes Arbeitsblatt, das eine neue Dimension des Lernmanagements in der Bildungslandschaft er\u00f6ffnet. Als Kernst\u00fcck unserer Initiative, bietet smartPAPER eine benutzerfreundliche, interaktive Plattform, die speziell f\u00fcr die Anforderungen komplexer, projektbezogener Lernsituationen entwickelt wurde.<\/p>\n<p>smartPAPER erm\u00f6glicht Lehrkr\u00e4ften und Lernenden, individuell angepasste Aufgaben, Medien, Informationen und Materialien zu erstellen und zu nutzen, die perfekt auf die spezifischen Bed\u00fcrfnisse und Lernziele jedes Einzelnen abgestimmt sind. Diese Anpassungsf\u00e4higkeit f\u00f6rdert eine tiefere, pers\u00f6nlichere Lernerfahrung und unterst\u00fctzt adaptive, individualisierte Lernprozesse.<\/p>\n<p><a href=\"https:\/\/digitale-schule.hessen.de\/\">\u25b6 https:\/\/digitale-schule.hessen.de\/<\/a><\/p>\n<\/div>\n<div class=\"secondary padding\">\n<table class=\"slim layer1 frontpage\" style=\"width: auto;\">\n<caption>\n<h3 class=\"\">Teilnehmende Schulen<\/h3>\n<\/caption>\n<tr>\n<th>Schule<\/th>\n<th>Schwerpunkt<\/th>\n<th>Stadt<\/th>\n<\/tr>\n<tr>\n<td>Arnold-Bode-Schule<\/td>\n<td>Gestaltung<\/td>\n<td>Kassel<\/td>\n<\/tr>\n<tr>\n<td>Berufliche Schulen Biedenkopf<\/td>\n<td>Technik<\/td>\n<td>Biedenkopf<\/td>\n<\/tr>\n<tr>\n<td>Franz-B\u00f6hm-Schule<\/td>\n<td>Wirtschaft<\/td>\n<td>Frankfurt<\/td>\n<\/tr>\n<tr>\n<td>Heinrich-Emanuel-Merck-Schule<\/td>\n<td>Technik, Wirtschaft<\/td>\n<td>Darmstadt<\/td>\n<\/tr>\n<tr>\n<td>Heinrich-Kleyer-Schule<\/td>\n<td>Technik<\/td>\n<td>Frankfurt<\/td>\n<\/tr>\n<tr>\n<td>Karl-K\u00fcbel-Schule<\/td>\n<td>Wirtschaft<\/td>\n<td>Bensheim<\/td>\n<\/tr>\n<tr>\n<td>Radko-St\u00f6ckl-Schule<\/td>\n<td>Wirtschaft<\/td>\n<td>Melsungen<\/td>\n<\/tr>\n<tr>\n<td>Theodor-Heuss-Schule<\/td>\n<td>Wirtschaft<\/td>\n<td>Wetzlar<\/td>\n<\/tr>\n<tr>\n<td>Vogelsbergschule<\/td>\n<td>Technik<\/td>\n<td>Lauterbach<\/td>\n<\/tr>\n<\/table>\n<\/div>\n<\/div>\n","protected":false},"excerpt":{"rendered":"<p>smartPAPER HMKB Redaktionssystem Dieses Projektvorhaben ist Teil des Landesprogramms \u201eDigitale Schule Hessen\u201c, initiiert vom Hessischen Ministerium f\u00fcr Kultus, Bildung und Chancen. Die Applikation smartPAPER ist ein digitales, intelligentes Arbeitsblatt, das eine neue Dimension des Lernmanagements in der Bildungslandschaft er\u00f6ffnet. Als Kernst\u00fcck unserer Initiative, bietet smartPAPER eine benutzerfreundliche, interaktive Plattform, die speziell f\u00fcr die Anforderungen komplexer, &hellip; <\/p>\n<p class=\"link-more\"><a href=\"https:\/\/smartredaktion.absks.de\/\" class=\"more-link\"><span class=\"screen-reader-text\">\u201esmartPAPER\u201c<\/span> weiterlesen<\/a><\/p>\n","protected":false},"author":1,"featured_media":0,"parent":0,"menu_order":0,"comment_status":"closed","ping_status":"closed","template":"","meta":{"_acf_changed":false,"footnotes":""},"class_list":["post-2062","page","type-page","status-publish","hentry"],"acf":[],"_links":{"self":[{"href":"https:\/\/smartredaktion.absks.de\/index.php?rest_route=\/wp\/v2\/pages\/2062","targetHints":{"allow":["GET"]}}],"collection":[{"href":"https:\/\/smartredaktion.absks.de\/index.php?rest_route=\/wp\/v2\/pages"}],"about":[{"href":"https:\/\/smartredaktion.absks.de\/index.php?rest_route=\/wp\/v2\/types\/page"}],"author":[{"embeddable":true,"href":"https:\/\/smartredaktion.absks.de\/index.php?rest_route=\/wp\/v2\/users\/1"}],"replies":[{"embeddable":true,"href":"https:\/\/smartredaktion.absks.de\/index.php?rest_route=%2Fwp%2Fv2%2Fcomments&post=2062"}],"version-history":[{"count":464,"href":"https:\/\/smartredaktion.absks.de\/index.php?rest_route=\/wp\/v2\/pages\/2062\/revisions"}],"predecessor-version":[{"id":3639,"href":"https:\/\/smartredaktion.absks.de\/index.php?rest_route=\/wp\/v2\/pages\/2062\/revisions\/3639"}],"wp:attachment":[{"href":"https:\/\/smartredaktion.absks.de\/index.php?rest_route=%2Fwp%2Fv2%2Fmedia&parent=2062"}],"curies":[{"name":"wp","href":"https:\/\/api.w.org\/{rel}","templated":true}]}}